{"id":3833,"date":"2024-10-25T13:26:33","date_gmt":"2024-10-25T16:26:33","guid":{"rendered":"https:\/\/iesrodolfowalsh-cha.infd.edu.ar\/sitio\/?page_id=3833"},"modified":"2025-03-06T15:23:06","modified_gmt":"2025-03-06T18:23:06","slug":"requisitos-para-la-inscripcion","status":"publish","type":"page","link":"https:\/\/iesrodolfowalsh-cha.infd.edu.ar\/sitio\/requisitos-para-la-inscripcion\/","title":{"rendered":"Requisitos para la Inscripci\u00f3n"},"content":{"rendered":"\n<p>Las fechas de inscripci\u00f3n est\u00e1n sujetas al Calendario Escolar anual del Ministerio de Educaci\u00f3n de la Provincia, y la disponibilidad de cupos en las distintas Tecnicaturas Superiores y Post\u00edtulos podr\u00e1n variar debido a las disposiciones oficiales seg\u00fan el caso. Para consultas, dirigirse a la pesta\u00f1a &#8216;Contacto&#8217;.<\/p>\n\n\n\n<hr class=\"wp-block-separator has-alpha-channel-opacity\"\/>\n\n\n\n<p>Para cursar en el IES Rodolfo Walsh, se necesitan reunir los requisitos que se detallan a continuaci\u00f3n:<\/p>\n\n\n\n<ul>\n<li>Formulario de preinscripci\u00f3n<\/li>\n\n\n\n<li>Fotocopia del Documento Nacional de Identidad<\/li>\n\n\n\n<li>Constancia de CUIL<\/li>\n\n\n\n<li>Fotocopia de la Partida o Acta de Nacimiento<\/li>\n\n\n\n<li>Fotocopia del T\u00edtulo Secundario o constancia del T\u00edtulo en tr\u00e1mite*<\/li>\n\n\n\n<li>Certificado de Domicilio<\/li>\n\n\n\n<li>Certificado de Aptitud psicof\u00edsica expedido por las dependencias del Ministerio de Salud P\u00fablica**<\/li>\n\n\n\n<li>1 folio<\/li>\n\n\n\n<li>Aporte voluntario a la Asociaci\u00f3n&nbsp;Cooperadora<\/li>\n\n\n\n<li>1&nbsp;fotograf\u00eda&nbsp;4\u00d74<\/li>\n<\/ul>\n\n\n\n<p class=\"has-small-font-size\">*Podr\u00e1n adeudarse hasta 2 unidades curriculares de la Educaci\u00f3n Secundaria y la inscripci\u00f3n ser\u00e1 como estudiante aspirante en categor\u00eda condicional. Para mayores de 25 sin estudios Secundarios completos, se deber\u00e1 rendir un Examen Nivelador.<\/p>\n\n\n\n<p class=\"has-small-font-size\">**Se puede entregar al inicio o durante la cursada.<\/p>\n\n\n\n<p><\/p>\n","protected":false},"excerpt":{"rendered":"<p>Las fechas de inscripci\u00f3n est\u00e1n sujetas al Calendario Escolar anual del Ministerio de Educaci\u00f3n de la Provincia, y la disponibilidad de cupos en las distintas Tecnicaturas Superiores y Post\u00edtulos podr\u00e1n variar debido a las disposiciones oficiales seg\u00fan el caso. Para consultas, dirigirse a la pesta\u00f1a &#8216;Contacto&#8217;. Para cursar en el IES Rodolfo Walsh, se necesitan &#8230; <a title=\"Requisitos para la Inscripci\u00f3n\" class=\"read-more\" href=\"https:\/\/iesrodolfowalsh-cha.infd.edu.ar\/sitio\/requisitos-para-la-inscripcion\/\" aria-label=\"More on Requisitos para la Inscripci\u00f3n\">[+]<\/a><\/p>\n","protected":false},"author":17906,"featured_media":0,"parent":0,"menu_order":0,"comment_status":"closed","ping_status":"closed","template":"","meta":[],"acf":[],"_links":{"self":[{"href":"https:\/\/iesrodolfowalsh-cha.infd.edu.ar\/sitio\/wp-json\/wp\/v2\/pages\/3833"}],"collection":[{"href":"https:\/\/iesrodolfowalsh-cha.infd.edu.ar\/sitio\/wp-json\/wp\/v2\/pages"}],"about":[{"href":"https:\/\/iesrodolfowalsh-cha.infd.edu.ar\/sitio\/wp-json\/wp\/v2\/types\/page"}],"author":[{"embeddable":true,"href":"https:\/\/iesrodolfowalsh-cha.infd.edu.ar\/sitio\/wp-json\/wp\/v2\/users\/17906"}],"replies":[{"embeddable":true,"href":"https:\/\/iesrodolfowalsh-cha.infd.edu.ar\/sitio\/wp-json\/wp\/v2\/comments?post=3833"}],"version-history":[{"count":11,"href":"https:\/\/iesrodolfowalsh-cha.infd.edu.ar\/sitio\/wp-json\/wp\/v2\/pages\/3833\/revisions"}],"predecessor-version":[{"id":3936,"href":"https:\/\/iesrodolfowalsh-cha.infd.edu.ar\/sitio\/wp-json\/wp\/v2\/pages\/3833\/revisions\/3936"}],"wp:attachment":[{"href":"https:\/\/iesrodolfowalsh-cha.infd.edu.ar\/sitio\/wp-json\/wp\/v2\/media?parent=3833"}],"curies":[{"name":"wp","href":"https:\/\/api.w.org\/{rel}","templated":true}]}}