{"id":3773,"date":"2024-09-23T14:41:02","date_gmt":"2024-09-23T17:41:02","guid":{"rendered":"https:\/\/iesrodolfowalsh-cha.infd.edu.ar\/sitio\/?page_id=3773"},"modified":"2025-04-02T10:26:41","modified_gmt":"2025-04-02T13:26:41","slug":"becas-progresar","status":"publish","type":"page","link":"https:\/\/iesrodolfowalsh-cha.infd.edu.ar\/sitio\/becas-progresar\/","title":{"rendered":"Becas Progresar"},"content":{"rendered":"\n<figure class=\"wp-block-image\"><img decoding=\"async\" loading=\"lazy\" width=\"720\" height=\"765\" src=\"https:\/\/iesrodolfowalsh-cha.infd.edu.ar\/sitio\/wp-content\/uploads\/2024\/09\/IMG-20240917-WA0045.jpg\" alt=\"\" class=\"wp-image-3731\"\/><\/figure>\n\n\n\n<figure class=\"wp-block-image\"><img decoding=\"async\" loading=\"lazy\" width=\"720\" height=\"747\" src=\"https:\/\/iesrodolfowalsh-cha.infd.edu.ar\/sitio\/wp-content\/uploads\/2024\/09\/IMG-20240917-WA0044.jpg\" alt=\"\" class=\"wp-image-3732\"\/><\/figure>\n\n\n\n<p><video controls=\"\" src=\"https:\/\/iesrodolfowalsh-cha.infd.edu.ar\/sitio\/wp-content\/uploads\/2024\/09\/VID-20240917-WA0046.mp4\"><\/video><\/p>\n\n\n\n<p>&nbsp;<strong>Atenci\u00f3n<\/strong>!!!<br>Tenemos el agrado de comunicarles la apertura del segundo per\u00edodo de inscripci\u00f3n para las l\u00edneas Progresar Obligatorio y Progresar Superior desde el 5 hasta el 30 de septiembre.<\/p>\n\n\n\n<p><strong>Requisitos<\/strong><br>\u2022 Ser argentino nativo o naturalizado, o extranjeros con residencia legal de al menos 5 a\u00f1os en el pa\u00eds, con DNI.<br>\u2022 Estudiantes ingresantes: entre 17 y 24 a\u00f1os de edad.<br>\u2022 Estudiantes avanzados: hasta 30 a\u00f1os.<br>\u2022 La suma de los ingresos del estudiante y los de su grupo familiar no debe ser superior a 3 Salarios M\u00ednimos, Vitales y M\u00f3viles (SMVM), excepto que los j\u00f3venes solicitantes sean titulares de una pensi\u00f3n no contributiva por invalidez otorgada en el marco del art\u00edculo 9 de la Ley 13478.<br>\u2022 Ser egresado del nivel medio y no adeudar materias al momento de la inscripci\u00f3n.<br>\u2022 Ingresar o estar cursando estudios en Universidades nacionales o provinciales, Institutos universitarios nacionales o Institutos de educaci\u00f3n t\u00e9cnica superior, Institutos de formaci\u00f3n t\u00e9cnica y de formaci\u00f3n docente de gesti\u00f3n estatal. Existen excepciones para instituciones de gesti\u00f3n privada y estudiantes de enfermer\u00eda contempladas en el Reglamento Progresar.<\/p>\n\n\n\n<p>\u2022 Los estudiantes avanzados deber\u00e1n aprobar al menos el 50% de las asignaturas del a\u00f1o anterior, aunque habr\u00e1 una diferencia entre quienes ya fueron becados en 2023 y quienes solicitan la beca por primera vez. Los becarios de 2023 que no alcancen ese 50% podr\u00e1n aplicar nuevamente al programa, pero si son adjudicados, recibir\u00e1n una cuota de transici\u00f3n del 80% del monto mensual de la beca. Por otro lado, quienes soliciten la beca por primera vez deber\u00e1n cumplir con el requisito del 50% de materias aprobadas del ciclo 2023 para recibir el 100% del monto mensual.<\/p>\n","protected":false},"excerpt":{"rendered":"<p>&nbsp;Atenci\u00f3n!!!Tenemos el agrado de comunicarles la apertura del segundo per\u00edodo de inscripci\u00f3n para las l\u00edneas Progresar Obligatorio y Progresar Superior desde el 5 hasta el 30 de septiembre. Requisitos\u2022 Ser argentino nativo o naturalizado, o extranjeros con residencia legal de al menos 5 a\u00f1os en el pa\u00eds, con DNI.\u2022 Estudiantes ingresantes: entre 17 y 24 &#8230; <a title=\"Becas Progresar\" class=\"read-more\" href=\"https:\/\/iesrodolfowalsh-cha.infd.edu.ar\/sitio\/becas-progresar\/\" aria-label=\"More on Becas Progresar\">[+]<\/a><\/p>\n","protected":false},"author":7178,"featured_media":0,"parent":0,"menu_order":0,"comment_status":"closed","ping_status":"closed","template":"","meta":[],"acf":[],"_links":{"self":[{"href":"https:\/\/iesrodolfowalsh-cha.infd.edu.ar\/sitio\/wp-json\/wp\/v2\/pages\/3773"}],"collection":[{"href":"https:\/\/iesrodolfowalsh-cha.infd.edu.ar\/sitio\/wp-json\/wp\/v2\/pages"}],"about":[{"href":"https:\/\/iesrodolfowalsh-cha.infd.edu.ar\/sitio\/wp-json\/wp\/v2\/types\/page"}],"author":[{"embeddable":true,"href":"https:\/\/iesrodolfowalsh-cha.infd.edu.ar\/sitio\/wp-json\/wp\/v2\/users\/7178"}],"replies":[{"embeddable":true,"href":"https:\/\/iesrodolfowalsh-cha.infd.edu.ar\/sitio\/wp-json\/wp\/v2\/comments?post=3773"}],"version-history":[{"count":4,"href":"https:\/\/iesrodolfowalsh-cha.infd.edu.ar\/sitio\/wp-json\/wp\/v2\/pages\/3773\/revisions"}],"predecessor-version":[{"id":3832,"href":"https:\/\/iesrodolfowalsh-cha.infd.edu.ar\/sitio\/wp-json\/wp\/v2\/pages\/3773\/revisions\/3832"}],"wp:attachment":[{"href":"https:\/\/iesrodolfowalsh-cha.infd.edu.ar\/sitio\/wp-json\/wp\/v2\/media?parent=3773"}],"curies":[{"name":"wp","href":"https:\/\/api.w.org\/{rel}","templated":true}]}}