{"id":3510,"date":"2024-06-05T20:06:54","date_gmt":"2024-06-05T23:06:54","guid":{"rendered":"https:\/\/iesrodolfowalsh-cha.infd.edu.ar\/sitio\/?page_id=3510"},"modified":"2025-11-14T06:43:32","modified_gmt":"2025-11-14T09:43:32","slug":"gestionwalsh","status":"publish","type":"page","link":"https:\/\/iesrodolfowalsh-cha.infd.edu.ar\/sitio\/gestionwalsh\/","title":{"rendered":"Revista Gesti\u00f3n Walsh"},"content":{"rendered":"\n<p>Publicaci\u00f3n semestral de car\u00e1cter formativo que compila producciones de estudiantes de la <a rel=\"noreferrer noopener\" href=\"https:\/\/iesrodolfowalsh-cha.infd.edu.ar\/sitio\/tecnicatura-superior-en-gestion-sociocultural\/\" data-type=\"URL\" data-id=\"https:\/\/iesrodolfowalsh-cha.infd.edu.ar\/sitio\/tecnicatura-superior-en-gestion-sociocultural\/\" target=\"_blank\">Tecnicatura Superior en Gesti\u00f3n Sociocultural<\/a>. Ofrece reflexiones, monograf\u00edas, notas de opini\u00f3n y ensayos desde miradas interdisciplinarias. <\/p>\n\n\n\n<p>En l\u00ednea con la identidad institucional y la figura de Rodolfo Walsh, apunta a promover la responsabilidad social, la defensa de los derechos humanos, la libre expresi\u00f3n y el compromiso transformador en el accionar cotidiano. Entendemos que la gesti\u00f3n sociocultural tiene como prop\u00f3sito la reflexi\u00f3n y la acci\u00f3n en el territorio, impulsando procesos participativos que incentiven la diversidad de voces. De acuerdo a esta propuesta, <strong>Gesti\u00f3n Walsh <\/strong>se proyecta como un instrumento de interacci\u00f3n entre actores territoriales y espacios formativos regionales y latinoamericanos.<\/p>\n\n\n\n<hr class=\"wp-block-separator has-alpha-channel-opacity\"\/>\n\n\n\n<div class=\"wp-block-columns is-layout-flex wp-container-3\">\n<div class=\"wp-block-column is-layout-flow\">\n<div class=\"wp-block-file\"><object class=\"wp-block-file__embed\" data=\"https:\/\/iesrodolfowalsh-cha.infd.edu.ar\/sitio\/wp-content\/uploads\/2024\/06\/Revista-GW-Numero-1.pdf\" type=\"application\/pdf\" style=\"width:100%;height:280px\" aria-label=\"Incrustado de Revista-GW-Numero-1.\"><\/object><a id=\"wp-block-file--media-2635b802-4909-429c-8b6e-e363a3f278b2\" href=\"https:\/\/iesrodolfowalsh-cha.infd.edu.ar\/sitio\/wp-content\/uploads\/2024\/06\/Revista-GW-Numero-1.pdf\">Revista-GW-Numero-1<\/a><a href=\"https:\/\/iesrodolfowalsh-cha.infd.edu.ar\/sitio\/wp-content\/uploads\/2024\/06\/Revista-GW-Numero-1.pdf\" class=\"wp-block-file__button wp-element-button\" download aria-describedby=\"wp-block-file--media-2635b802-4909-429c-8b6e-e363a3f278b2\">Descarga<\/a><\/div>\n\n\n\n<div class=\"wp-block-file\"><object class=\"wp-block-file__embed\" data=\"https:\/\/iesrodolfowalsh-cha.infd.edu.ar\/sitio\/wp-content\/uploads\/2024\/11\/Revista-GW-Numero-3.pdf\" type=\"application\/pdf\" style=\"width:100%;height:280px\" aria-label=\"Incrustado de Revista-GW-Numero-3.\"><\/object><a id=\"wp-block-file--media-2635b802-4909-429c-8b6e-e363a3f278b2\" href=\"https:\/\/iesrodolfowalsh-cha.infd.edu.ar\/sitio\/wp-content\/uploads\/2024\/11\/Revista-GW-Numero-3.pdf\">Revista-GW-Numero-3<\/a><a href=\"https:\/\/iesrodolfowalsh-cha.infd.edu.ar\/sitio\/wp-content\/uploads\/2024\/11\/Revista-GW-Numero-3.pdf\" class=\"wp-block-file__button wp-element-button\" download aria-describedby=\"wp-block-file--media-2635b802-4909-429c-8b6e-e363a3f278b2\">Descarga<\/a><\/div>\n<\/div>\n\n\n\n<div class=\"wp-block-column is-layout-flow\">\n<div class=\"wp-block-file\"><object class=\"wp-block-file__embed\" data=\"https:\/\/iesrodolfowalsh-cha.infd.edu.ar\/sitio\/wp-content\/uploads\/2024\/06\/Revista-GW-Numero-2.pdf\" type=\"application\/pdf\" style=\"width:100%;height:280px\" aria-label=\"Incrustado de Revista-GW-Numero-2.\"><\/object><a id=\"wp-block-file--media-e5746244-de4f-4937-9cca-81ff1496c8f5\" href=\"https:\/\/iesrodolfowalsh-cha.infd.edu.ar\/sitio\/wp-content\/uploads\/2024\/06\/Revista-GW-Numero-2.pdf\">Revista-GW-Numero-2<\/a><a href=\"https:\/\/iesrodolfowalsh-cha.infd.edu.ar\/sitio\/wp-content\/uploads\/2024\/06\/Revista-GW-Numero-2.pdf\" class=\"wp-block-file__button wp-element-button\" download aria-describedby=\"wp-block-file--media-e5746244-de4f-4937-9cca-81ff1496c8f5\">Descarga<\/a><\/div>\n\n\n\n<div class=\"wp-block-file\"><object class=\"wp-block-file__embed\" data=\"https:\/\/iesrodolfowalsh-cha.infd.edu.ar\/sitio\/wp-content\/uploads\/2025\/11\/Revista-GW-Numero-4.pdf\" type=\"application\/pdf\" style=\"width:100%;height:280px\" aria-label=\"Incrustado de Revista-GW-Numero-4.\"><\/object><a id=\"wp-block-file--media-e5746244-de4f-4937-9cca-81ff1496c8f5\" href=\"https:\/\/iesrodolfowalsh-cha.infd.edu.ar\/sitio\/wp-content\/uploads\/2025\/11\/Revista-GW-Numero-4.pdf\">Revista-GW-Numero-4<\/a><a href=\"https:\/\/iesrodolfowalsh-cha.infd.edu.ar\/sitio\/wp-content\/uploads\/2025\/11\/Revista-GW-Numero-4.pdf\" class=\"wp-block-file__button wp-element-button\" download aria-describedby=\"wp-block-file--media-e5746244-de4f-4937-9cca-81ff1496c8f5\">Descarga<\/a><\/div>\n<\/div>\n<\/div>\n","protected":false},"excerpt":{"rendered":"<p>Publicaci\u00f3n semestral de car\u00e1cter formativo que compila producciones de estudiantes de la Tecnicatura Superior en Gesti\u00f3n Sociocultural. Ofrece reflexiones, monograf\u00edas, notas de opini\u00f3n y ensayos desde miradas interdisciplinarias. En l\u00ednea con la identidad institucional y la figura de Rodolfo Walsh, apunta a promover la responsabilidad social, la defensa de los derechos humanos, la libre expresi\u00f3n &#8230; <a title=\"Revista Gesti\u00f3n Walsh\" class=\"read-more\" href=\"https:\/\/iesrodolfowalsh-cha.infd.edu.ar\/sitio\/gestionwalsh\/\" aria-label=\"More on Revista Gesti\u00f3n Walsh\">[+]<\/a><\/p>\n","protected":false},"author":17906,"featured_media":0,"parent":0,"menu_order":0,"comment_status":"closed","ping_status":"closed","template":"","meta":[],"acf":[],"_links":{"self":[{"href":"https:\/\/iesrodolfowalsh-cha.infd.edu.ar\/sitio\/wp-json\/wp\/v2\/pages\/3510"}],"collection":[{"href":"https:\/\/iesrodolfowalsh-cha.infd.edu.ar\/sitio\/wp-json\/wp\/v2\/pages"}],"about":[{"href":"https:\/\/iesrodolfowalsh-cha.infd.edu.ar\/sitio\/wp-json\/wp\/v2\/types\/page"}],"author":[{"embeddable":true,"href":"https:\/\/iesrodolfowalsh-cha.infd.edu.ar\/sitio\/wp-json\/wp\/v2\/users\/17906"}],"replies":[{"embeddable":true,"href":"https:\/\/iesrodolfowalsh-cha.infd.edu.ar\/sitio\/wp-json\/wp\/v2\/comments?post=3510"}],"version-history":[{"count":16,"href":"https:\/\/iesrodolfowalsh-cha.infd.edu.ar\/sitio\/wp-json\/wp\/v2\/pages\/3510\/revisions"}],"predecessor-version":[{"id":4165,"href":"https:\/\/iesrodolfowalsh-cha.infd.edu.ar\/sitio\/wp-json\/wp\/v2\/pages\/3510\/revisions\/4165"}],"wp:attachment":[{"href":"https:\/\/iesrodolfowalsh-cha.infd.edu.ar\/sitio\/wp-json\/wp\/v2\/media?parent=3510"}],"curies":[{"name":"wp","href":"https:\/\/api.w.org\/{rel}","templated":true}]}}