{"id":3404,"date":"2024-05-21T22:26:03","date_gmt":"2024-05-22T01:26:03","guid":{"rendered":"https:\/\/iesrodolfowalsh-cha.infd.edu.ar\/sitio\/?page_id=3404"},"modified":"2025-12-17T22:49:48","modified_gmt":"2025-12-18T01:49:48","slug":"diplomatura-superior-en-pedagogia-y-educacion-social-dspes","status":"publish","type":"page","link":"https:\/\/iesrodolfowalsh-cha.infd.edu.ar\/sitio\/diplomatura-superior-en-pedagogia-y-educacion-social-dspes\/","title":{"rendered":"Diplomatura Superior en Pedagog\u00eda y Educaci\u00f3n Social (DSPES)"},"content":{"rendered":"\n<p>*SIN VACANTES*<\/p>\n\n\n\n<p>La DSPES est\u00e1 destinada a docentes y no docentes de todos los Niveles y Modalidades del sistema educativo. La cohorte 2023 se desarrollar\u00e1 en 4 cuatrimestres finalizando en septiembre de 2025. Los egresados recibir\u00e1n su Diplomatura con orientaci\u00f3n en el fortalecimiento de las trayectorias educativas.<br>El <strong>objetivo<\/strong> de esta formaci\u00f3n es acompa\u00f1ar a instituciones de educaci\u00f3n secundaria, sus actores y el proyecto institucional como marco de referencia de las trayectorias escolares. Desde la DSPES se propone un abordaje te\u00f3rico, pr\u00e1ctico y reflexivo, revisitando la perspectiva sobre la escuela propiamente dicha. Esta nueva mirada tambi\u00e9n es una nueva escucha y una reinterpretaci\u00f3n de las pr\u00e1cticas institucionales.<br><strong>Espec\u00edficamente, se propone:<\/strong><\/p>\n\n\n\n<ul>\n<li>fortalecer sistemas de detecci\u00f3n oportuna de estudiantes en riesgo escolar y apoyar a la comunidad educativa en su uso;<\/li>\n\n\n\n<li>brindar acciones tendientes al retorno socioeducativo de los estudiantes que est\u00e1n en riesgo pedag\u00f3gico para identificar las dificultades que afectan sus trayectorias;<\/li>\n\n\n\n<li>dise\u00f1ar estrategias pedag\u00f3gicas direccionadas a mantener a los estudiantes en las aulas, asegurando la construcci\u00f3n de aprendizajes que eleven la calidad del proceso de ense\u00f1anza-aprendizaje para la superaci\u00f3n del riesgo.<\/li>\n<\/ul>\n\n\n\n<p><a rel=\"noreferrer noopener\" href=\"https:\/\/drive.google.com\/file\/d\/1VS9MvRmYdC3i0lnko5T-f7ss9WiCJHE3\/view?usp=sharing\" data-type=\"URL\" data-id=\"https:\/\/drive.google.com\/file\/d\/1VS9MvRmYdC3i0lnko5T-f7ss9WiCJHE3\/view?usp=sharing\" target=\"_blank\">Resoluci\u00f3n Oficial<\/a><\/p>\n\n\n\n<div class=\"wp-block-buttons alignfull is-content-justification-center is-layout-flex wp-container-1\">\n<div class=\"wp-block-button has-custom-width wp-block-button__width-50 has-custom-font-size has-medium-font-size\"><a class=\"wp-block-button__link has-text-align-center wp-element-button\" href=\"https:\/\/iesrodolfowalsh-cha.infd.edu.ar\/sitio\/blog-ds-pes\/\" target=\"_blank\" rel=\"noreferrer noopener\"><strong><strong>BLOG DE NOVEDADES<\/strong><\/strong><\/a><\/div>\n<\/div>\n","protected":false},"excerpt":{"rendered":"<p>*SIN VACANTES* La DSPES est\u00e1 destinada a docentes y no docentes de todos los Niveles y Modalidades del sistema educativo. La cohorte 2023 se desarrollar\u00e1 en 4 cuatrimestres finalizando en septiembre de 2025. Los egresados recibir\u00e1n su Diplomatura con orientaci\u00f3n en el fortalecimiento de las trayectorias educativas.El objetivo de esta formaci\u00f3n es acompa\u00f1ar a instituciones &#8230; <a title=\"Diplomatura Superior en Pedagog\u00eda y Educaci\u00f3n Social (DSPES)\" class=\"read-more\" href=\"https:\/\/iesrodolfowalsh-cha.infd.edu.ar\/sitio\/diplomatura-superior-en-pedagogia-y-educacion-social-dspes\/\" aria-label=\"More on Diplomatura Superior en Pedagog\u00eda y Educaci\u00f3n Social (DSPES)\">[+]<\/a><\/p>\n","protected":false},"author":17906,"featured_media":0,"parent":0,"menu_order":0,"comment_status":"closed","ping_status":"closed","template":"","meta":[],"acf":[],"_links":{"self":[{"href":"https:\/\/iesrodolfowalsh-cha.infd.edu.ar\/sitio\/wp-json\/wp\/v2\/pages\/3404"}],"collection":[{"href":"https:\/\/iesrodolfowalsh-cha.infd.edu.ar\/sitio\/wp-json\/wp\/v2\/pages"}],"about":[{"href":"https:\/\/iesrodolfowalsh-cha.infd.edu.ar\/sitio\/wp-json\/wp\/v2\/types\/page"}],"author":[{"embeddable":true,"href":"https:\/\/iesrodolfowalsh-cha.infd.edu.ar\/sitio\/wp-json\/wp\/v2\/users\/17906"}],"replies":[{"embeddable":true,"href":"https:\/\/iesrodolfowalsh-cha.infd.edu.ar\/sitio\/wp-json\/wp\/v2\/comments?post=3404"}],"version-history":[{"count":11,"href":"https:\/\/iesrodolfowalsh-cha.infd.edu.ar\/sitio\/wp-json\/wp\/v2\/pages\/3404\/revisions"}],"predecessor-version":[{"id":4211,"href":"https:\/\/iesrodolfowalsh-cha.infd.edu.ar\/sitio\/wp-json\/wp\/v2\/pages\/3404\/revisions\/4211"}],"wp:attachment":[{"href":"https:\/\/iesrodolfowalsh-cha.infd.edu.ar\/sitio\/wp-json\/wp\/v2\/media?parent=3404"}],"curies":[{"name":"wp","href":"https:\/\/api.w.org\/{rel}","templated":true}]}}