{"id":3397,"date":"2024-05-21T22:02:02","date_gmt":"2024-05-22T01:02:02","guid":{"rendered":"https:\/\/iesrodolfowalsh-cha.infd.edu.ar\/sitio\/?page_id=3397"},"modified":"2024-05-27T21:42:10","modified_gmt":"2024-05-28T00:42:10","slug":"formacion-continua","status":"publish","type":"page","link":"https:\/\/iesrodolfowalsh-cha.infd.edu.ar\/sitio\/formacion-continua\/","title":{"rendered":"Formaci\u00f3n Continua"},"content":{"rendered":"\n<p>Las actividades de Formaci\u00f3n Continua del IES Rodolfo Walsh se enmarcan dentro de la <a rel=\"noreferrer noopener\" href=\"https:\/\/www.inet.edu.ar\/wp-content\/uploads\/2013\/03\/ley_de_educ_nac1.pdf\" data-type=\"URL\" data-id=\"https:\/\/www.inet.edu.ar\/wp-content\/uploads\/2013\/03\/ley_de_educ_nac1.pdf\" target=\"_blank\">Ley N\u00b026.206 de Educaci\u00f3n Nacional<\/a> que tiene por objeto regular el ejercicio del derecho de ense\u00f1ar y aprender consagrado en nuestra Constituci\u00f3n Nacional.<\/p>\n\n\n\n<p>Esta normativa establece la estructura del Sistema Educativo, en todos los niveles y modalidades; determina la extensi\u00f3n de la obligatoriedad escolar y plantea las responsabilidades y obligaciones del Estado Nacional, las Provincias y la Ciudad Aut\u00f3noma de Buenos Aires en relaci\u00f3n a la Educaci\u00f3n. Se aplica en toda la Naci\u00f3n, respetando los criterios federales, las diversidades regionales y articula la educaci\u00f3n formal y no formal, la formaci\u00f3n general y la profesional <strong>en el marco de la educaci\u00f3n continua y permanente.<\/strong><\/p>\n\n\n\n<p>Espec\u00edficamente, para el Nivel de Educaci\u00f3n Superior, establece cuatro funciones espec\u00edficas: la formaci\u00f3n docente inicial, la investigaci\u00f3n, el apoyo pedag\u00f3gico a las escuelas y la capacitaci\u00f3n docente continua. En el IES la formalizamos a trav\u00e9s de cursos espec\u00edficos y diplomaturas.<\/p>\n","protected":false},"excerpt":{"rendered":"<p>Las actividades de Formaci\u00f3n Continua del IES Rodolfo Walsh se enmarcan dentro de la Ley N\u00b026.206 de Educaci\u00f3n Nacional que tiene por objeto regular el ejercicio del derecho de ense\u00f1ar y aprender consagrado en nuestra Constituci\u00f3n Nacional. Esta normativa establece la estructura del Sistema Educativo, en todos los niveles y modalidades; determina la extensi\u00f3n de &#8230; <a title=\"Formaci\u00f3n Continua\" class=\"read-more\" href=\"https:\/\/iesrodolfowalsh-cha.infd.edu.ar\/sitio\/formacion-continua\/\" aria-label=\"More on Formaci\u00f3n Continua\">[+]<\/a><\/p>\n","protected":false},"author":17906,"featured_media":0,"parent":0,"menu_order":0,"comment_status":"closed","ping_status":"closed","template":"","meta":[],"acf":[],"_links":{"self":[{"href":"https:\/\/iesrodolfowalsh-cha.infd.edu.ar\/sitio\/wp-json\/wp\/v2\/pages\/3397"}],"collection":[{"href":"https:\/\/iesrodolfowalsh-cha.infd.edu.ar\/sitio\/wp-json\/wp\/v2\/pages"}],"about":[{"href":"https:\/\/iesrodolfowalsh-cha.infd.edu.ar\/sitio\/wp-json\/wp\/v2\/types\/page"}],"author":[{"embeddable":true,"href":"https:\/\/iesrodolfowalsh-cha.infd.edu.ar\/sitio\/wp-json\/wp\/v2\/users\/17906"}],"replies":[{"embeddable":true,"href":"https:\/\/iesrodolfowalsh-cha.infd.edu.ar\/sitio\/wp-json\/wp\/v2\/comments?post=3397"}],"version-history":[{"count":4,"href":"https:\/\/iesrodolfowalsh-cha.infd.edu.ar\/sitio\/wp-json\/wp\/v2\/pages\/3397\/revisions"}],"predecessor-version":[{"id":3461,"href":"https:\/\/iesrodolfowalsh-cha.infd.edu.ar\/sitio\/wp-json\/wp\/v2\/pages\/3397\/revisions\/3461"}],"wp:attachment":[{"href":"https:\/\/iesrodolfowalsh-cha.infd.edu.ar\/sitio\/wp-json\/wp\/v2\/media?parent=3397"}],"curies":[{"name":"wp","href":"https:\/\/api.w.org\/{rel}","templated":true}]}}