{"id":2630,"date":"2023-06-12T13:10:22","date_gmt":"2023-06-12T16:10:22","guid":{"rendered":"https:\/\/iesrodolfowalsh-cha.infd.edu.ar\/sitio\/?page_id=2630"},"modified":"2024-06-05T20:46:22","modified_gmt":"2024-06-05T23:46:22","slug":"area-de-investigacion","status":"publish","type":"page","link":"https:\/\/iesrodolfowalsh-cha.infd.edu.ar\/sitio\/area-de-investigacion\/","title":{"rendered":"\u00c1rea de Investigaci\u00f3n"},"content":{"rendered":"\n<p>Las actividades de investigaci\u00f3n del IES Rodolfo Walsh se enmarcan dentro de la Ley N\u00b026.206 de Educaci\u00f3n Nacional que establece que<strong> la investigaci\u00f3n educativa es una de las cuatro funciones del Nivel de Educaci\u00f3n Superior <\/strong>(junto con las de formaci\u00f3n docente inicial, la formaci\u00f3n docente continua y el apoyo pedag\u00f3gico a las escuelas); y a nivel provincial, bajo los lineamientos de la Direcci\u00f3n de Investigaci\u00f3n Educativa que tiene como objetivo general: <em>\u201cPlanificar, organizar, desarrollar y acompa\u00f1ar acciones ligadas a la producci\u00f3n de conocimiento cient\u00edfico, para el fortalecimiento de la funci\u00f3n de la Investigaci\u00f3n Educativa en el Sistema Formador (Nivel Superior) como en los Niveles Obligatorios del Sistema Educativo de la Provincia del Chaco\u201d<\/em> (<a href=\"https:\/\/mapadelestado.chaco.gob.ar\/dependencia\/ver\/1856\">Mapa de Estado, sitio web<\/a>).<\/p>\n\n\n\n<p><strong>Objetivos<\/strong><\/p>\n\n\n\n<ul>\n<li>Crear y fortalecer los espacios de investigaci\u00f3n institucionales orientados a la indagaci\u00f3n de problem\u00e1ticas socioeducativas o relacionadas al desarrollo de alguna disciplina espec\u00edfica de la oferta acad\u00e9mica de la instituci\u00f3n.&nbsp;<\/li>\n\n\n\n<li>Acompa\u00f1ar de los proyectos de investigaci\u00f3n iniciados, por medio de distintas actividades y aportar en la medida que se requiera en los distintos equipos de docentes.<\/li>\n\n\n\n<li>Acompa\u00f1ar y capacitar a los y las docentes interesados\/as en aprender el oficio de investigador\/ra a partir de la transmisi\u00f3n de una pr\u00e1ctica, ya que se aprende a investigar investigando.<\/li>\n<\/ul>\n\n\n\n<p><strong>L\u00edneas principales de investigaci\u00f3n<\/strong><\/p>\n\n\n\n<ul>\n<li><strong>Investigaci\u00f3n educativa:<\/strong> La L\u00ednea de investigaci\u00f3n se enfoca hacia el estudio de las problem\u00e1ticas de ense\u00f1anza y aprendizaje, pr\u00e1ctica docente, an\u00e1lisis de planes de estudios, estrategias did\u00e1cticas, deserci\u00f3n, entre otras tem\u00e1ticas.&nbsp; Con el prop\u00f3sito de generar, transmitir, difundir y gestionar conocimientos en el contexto de las pr\u00e1cticas educativas.&nbsp;<\/li>\n\n\n\n<li><strong>Formaci\u00f3n Profesional: <\/strong>Esta l\u00ednea se refiere al estudio de las problem\u00e1ticas que atraviesan la formaci\u00f3n inicial de quienes son futuros profesionales de las carreras de las tecnicaturas. En la b\u00fasqueda de la mejor calidad de las capacidades y habilidades de los futuros\u00a0 profesionales dentro de sus respectivos \u00e1mbitos de trabajo.\u00a0<\/li>\n<\/ul>\n\n\n\n<figure class=\"wp-block-image size-large\"><img decoding=\"async\" loading=\"lazy\" width=\"1900\" height=\"1069\" src=\"https:\/\/iesrodolfowalsh-cha.infd.edu.ar\/sitio\/wp-content\/uploads\/2024\/05\/Proyectos-1-1900x1069.png\" alt=\"\" class=\"wp-image-3416\" srcset=\"https:\/\/iesrodolfowalsh-cha.infd.edu.ar\/sitio\/wp-content\/uploads\/2024\/05\/Proyectos-1-1900x1069.png 1900w, https:\/\/iesrodolfowalsh-cha.infd.edu.ar\/sitio\/wp-content\/uploads\/2024\/05\/Proyectos-1-1000x563.png 1000w, https:\/\/iesrodolfowalsh-cha.infd.edu.ar\/sitio\/wp-content\/uploads\/2024\/05\/Proyectos-1-768x432.png 768w, https:\/\/iesrodolfowalsh-cha.infd.edu.ar\/sitio\/wp-content\/uploads\/2024\/05\/Proyectos-1-1536x864.png 1536w, https:\/\/iesrodolfowalsh-cha.infd.edu.ar\/sitio\/wp-content\/uploads\/2024\/05\/Proyectos-1-2048x1152.png 2048w\" sizes=\"(max-width: 1900px) 100vw, 1900px\" \/><\/figure>\n","protected":false},"excerpt":{"rendered":"<p>Las actividades de investigaci\u00f3n del IES Rodolfo Walsh se enmarcan dentro de la Ley N\u00b026.206 de Educaci\u00f3n Nacional que establece que la investigaci\u00f3n educativa es una de las cuatro funciones del Nivel de Educaci\u00f3n Superior (junto con las de formaci\u00f3n docente inicial, la formaci\u00f3n docente continua y el apoyo pedag\u00f3gico a las escuelas); y a &#8230; <a title=\"\u00c1rea de Investigaci\u00f3n\" class=\"read-more\" href=\"https:\/\/iesrodolfowalsh-cha.infd.edu.ar\/sitio\/area-de-investigacion\/\" aria-label=\"More on \u00c1rea de Investigaci\u00f3n\">[+]<\/a><\/p>\n","protected":false},"author":7178,"featured_media":0,"parent":0,"menu_order":0,"comment_status":"closed","ping_status":"closed","template":"","meta":[],"acf":[],"_links":{"self":[{"href":"https:\/\/iesrodolfowalsh-cha.infd.edu.ar\/sitio\/wp-json\/wp\/v2\/pages\/2630"}],"collection":[{"href":"https:\/\/iesrodolfowalsh-cha.infd.edu.ar\/sitio\/wp-json\/wp\/v2\/pages"}],"about":[{"href":"https:\/\/iesrodolfowalsh-cha.infd.edu.ar\/sitio\/wp-json\/wp\/v2\/types\/page"}],"author":[{"embeddable":true,"href":"https:\/\/iesrodolfowalsh-cha.infd.edu.ar\/sitio\/wp-json\/wp\/v2\/users\/7178"}],"replies":[{"embeddable":true,"href":"https:\/\/iesrodolfowalsh-cha.infd.edu.ar\/sitio\/wp-json\/wp\/v2\/comments?post=2630"}],"version-history":[{"count":11,"href":"https:\/\/iesrodolfowalsh-cha.infd.edu.ar\/sitio\/wp-json\/wp\/v2\/pages\/2630\/revisions"}],"predecessor-version":[{"id":3417,"href":"https:\/\/iesrodolfowalsh-cha.infd.edu.ar\/sitio\/wp-json\/wp\/v2\/pages\/2630\/revisions\/3417"}],"wp:attachment":[{"href":"https:\/\/iesrodolfowalsh-cha.infd.edu.ar\/sitio\/wp-json\/wp\/v2\/media?parent=2630"}],"curies":[{"name":"wp","href":"https:\/\/api.w.org\/{rel}","templated":true}]}}