{"id":1937,"date":"2021-11-15T22:44:55","date_gmt":"2021-11-16T01:44:55","guid":{"rendered":"https:\/\/iesrodolfowalsh-cha.infd.edu.ar\/sitio\/?page_id=1937"},"modified":"2021-11-15T22:44:57","modified_gmt":"2021-11-16T01:44:57","slug":"postitulo-superior-en-educacion-fisica-deporte-y-discapacidad","status":"publish","type":"page","link":"https:\/\/iesrodolfowalsh-cha.infd.edu.ar\/sitio\/postitulo-superior-en-educacion-fisica-deporte-y-discapacidad\/","title":{"rendered":"Post\u00edtulo Superior en Educaci\u00f3n F\u00edsica, Deporte y Discapacidad."},"content":{"rendered":"\n<p><strong><em>Inscripciones Abiertas: Inicia 18 de Septiembre.<\/em><\/strong><img decoding=\"async\" loading=\"lazy\" width=\"908\" height=\"1280\" class=\"wp-image-1657\" style=\"width: 800px;\" src=\"https:\/\/iesrodolfowalsh-cha.infd.edu.ar\/sitio\/wp-content\/uploads\/2021\/08\/flyer-ED-Fisica..jpg\" alt=\"\" srcset=\"https:\/\/iesrodolfowalsh-cha.infd.edu.ar\/sitio\/wp-content\/uploads\/2021\/08\/flyer-ED-Fisica..jpg 908w, https:\/\/iesrodolfowalsh-cha.infd.edu.ar\/sitio\/wp-content\/uploads\/2021\/08\/flyer-ED-Fisica.-709x1000.jpg 709w, https:\/\/iesrodolfowalsh-cha.infd.edu.ar\/sitio\/wp-content\/uploads\/2021\/08\/flyer-ED-Fisica.-768x1083.jpg 768w\" sizes=\"(max-width: 908px) 100vw, 908px\" \/><\/p>\n","protected":false},"excerpt":{"rendered":"<p>Inscripciones Abiertas: Inicia 18 de Septiembre.<\/p>\n","protected":false},"author":7178,"featured_media":0,"parent":0,"menu_order":0,"comment_status":"closed","ping_status":"closed","template":"","meta":[],"acf":[],"_links":{"self":[{"href":"https:\/\/iesrodolfowalsh-cha.infd.edu.ar\/sitio\/wp-json\/wp\/v2\/pages\/1937"}],"collection":[{"href":"https:\/\/iesrodolfowalsh-cha.infd.edu.ar\/sitio\/wp-json\/wp\/v2\/pages"}],"about":[{"href":"https:\/\/iesrodolfowalsh-cha.infd.edu.ar\/sitio\/wp-json\/wp\/v2\/types\/page"}],"author":[{"embeddable":true,"href":"https:\/\/iesrodolfowalsh-cha.infd.edu.ar\/sitio\/wp-json\/wp\/v2\/users\/7178"}],"replies":[{"embeddable":true,"href":"https:\/\/iesrodolfowalsh-cha.infd.edu.ar\/sitio\/wp-json\/wp\/v2\/comments?post=1937"}],"version-history":[{"count":1,"href":"https:\/\/iesrodolfowalsh-cha.infd.edu.ar\/sitio\/wp-json\/wp\/v2\/pages\/1937\/revisions"}],"predecessor-version":[{"id":1940,"href":"https:\/\/iesrodolfowalsh-cha.infd.edu.ar\/sitio\/wp-json\/wp\/v2\/pages\/1937\/revisions\/1940"}],"wp:attachment":[{"href":"https:\/\/iesrodolfowalsh-cha.infd.edu.ar\/sitio\/wp-json\/wp\/v2\/media?parent=1937"}],"curies":[{"name":"wp","href":"https:\/\/api.w.org\/{rel}","templated":true}]}}