{"id":1931,"date":"2021-11-15T22:43:09","date_gmt":"2021-11-16T01:43:09","guid":{"rendered":"https:\/\/iesrodolfowalsh-cha.infd.edu.ar\/sitio\/?page_id=1931"},"modified":"2024-06-05T20:46:22","modified_gmt":"2024-06-05T23:46:22","slug":"medios","status":"publish","type":"page","link":"https:\/\/iesrodolfowalsh-cha.infd.edu.ar\/sitio\/medios\/","title":{"rendered":""},"content":{"rendered":"\n<p>Nuestros medios de comunicaci\u00f3n forman parte de una construcci\u00f3n colectiva, donde participan docentes, estudiantes y personal del IES. En nuestros medios buscamos promover la participaci\u00f3n estudiantil, educativa y comunitaria, y contribuir al ejercicio del Derecho a la Comunicaci\u00f3n y la informaci\u00f3n.<\/p>\n","protected":false},"excerpt":{"rendered":"<p>Nuestros medios de comunicaci\u00f3n forman parte de una construcci\u00f3n colectiva, donde participan docentes, estudiantes y personal del IES. En nuestros medios buscamos promover la participaci\u00f3n estudiantil, educativa y comunitaria, y contribuir al ejercicio del Derecho a la Comunicaci\u00f3n y la informaci\u00f3n.<\/p>\n","protected":false},"author":7178,"featured_media":0,"parent":0,"menu_order":0,"comment_status":"closed","ping_status":"closed","template":"","meta":[],"acf":[],"_links":{"self":[{"href":"https:\/\/iesrodolfowalsh-cha.infd.edu.ar\/sitio\/wp-json\/wp\/v2\/pages\/1931"}],"collection":[{"href":"https:\/\/iesrodolfowalsh-cha.infd.edu.ar\/sitio\/wp-json\/wp\/v2\/pages"}],"about":[{"href":"https:\/\/iesrodolfowalsh-cha.infd.edu.ar\/sitio\/wp-json\/wp\/v2\/types\/page"}],"author":[{"embeddable":true,"href":"https:\/\/iesrodolfowalsh-cha.infd.edu.ar\/sitio\/wp-json\/wp\/v2\/users\/7178"}],"replies":[{"embeddable":true,"href":"https:\/\/iesrodolfowalsh-cha.infd.edu.ar\/sitio\/wp-json\/wp\/v2\/comments?post=1931"}],"version-history":[{"count":7,"href":"https:\/\/iesrodolfowalsh-cha.infd.edu.ar\/sitio\/wp-json\/wp\/v2\/pages\/1931\/revisions"}],"predecessor-version":[{"id":3188,"href":"https:\/\/iesrodolfowalsh-cha.infd.edu.ar\/sitio\/wp-json\/wp\/v2\/pages\/1931\/revisions\/3188"}],"wp:attachment":[{"href":"https:\/\/iesrodolfowalsh-cha.infd.edu.ar\/sitio\/wp-json\/wp\/v2\/media?parent=1931"}],"curies":[{"name":"wp","href":"https:\/\/api.w.org\/{rel}","templated":true}]}}