{"id":1869,"date":"2021-11-05T21:27:09","date_gmt":"2021-11-06T00:27:09","guid":{"rendered":"https:\/\/iesrodolfowalsh-cha.infd.edu.ar\/sitio\/?page_id=1869"},"modified":"2024-10-25T12:04:59","modified_gmt":"2024-10-25T15:04:59","slug":"seminario-en-agroecologia-2","status":"publish","type":"page","link":"https:\/\/iesrodolfowalsh-cha.infd.edu.ar\/sitio\/seminario-en-agroecologia-2\/","title":{"rendered":"Radio Socioeducativa FM 102.7"},"content":{"rendered":"\n<p>La<a rel=\"noreferrer noopener\" href=\"https:\/\/radiowalsh.com.ar\/\" data-type=\"URL\" data-id=\"https:\/\/radiowalsh.com.ar\/\" target=\"_blank\"> FM 102.7 Rodolfo Walsh <\/a>comenz\u00f3 sus transmisiones el 27 de agosto de 2013, en el marco del Programa Federal de Radios Socioeducativas, a partir de un convenio entre el Ministerio de Educaci\u00f3n de la Naci\u00f3n, la Autoridad Federal de Servicios de Comunicaci\u00f3n Audiovisual (AFSCA), la Comisi\u00f3n Nacional de Comunicaciones (CNC) y el Ministerio de Educaci\u00f3n de la Provincia del Chaco. Est\u00e1 emplazada en la <a href=\"https:\/\/www.google.com\/maps?ll=-27.373657,-59.087333&amp;z=14&amp;t=m&amp;hl=en&amp;gl=AR&amp;mapclient=embed&amp;cid=18205981926433985742\" data-type=\"URL\" data-id=\"https:\/\/www.google.com\/maps?ll=-27.373657,-59.087333&amp;z=14&amp;t=m&amp;hl=en&amp;gl=AR&amp;mapclient=embed&amp;cid=18205981926433985742\">Casa de la Historia y la Cultura del Bicentenario de Puerto Tirol<\/a>.<\/p>\n\n\n\n<p><br><br><strong>Coordinador General<\/strong> Edgardo P\u00e9rez<br><strong>Equipo t\u00e9cnico profesional <\/strong>Melisa Blanco, Miriam Mart\u00ednez, Mar\u00eda Vijnai Skarp y Bea Aquino.<\/p>\n\n\n\n<figure class=\"wp-block-audio\"><audio controls src=\"https:\/\/centova.servidoraweb.net:9049\/stream\"><\/audio><\/figure>\n\n\n\n<p><\/p>\n\n\n\n<figure class=\"wp-block-table alignwide is-style-stripes\"><table><tbody><tr><td><img decoding=\"async\" loading=\"lazy\" width=\"31\" height=\"31\" src=\"https:\/\/iesrodolfowalsh-cha.infd.edu.ar\/sitio\/wp-content\/uploads\/2024\/05\/3296467.png\" alt=\"\"> <a rel=\"noreferrer noopener\" href=\"mailto:radio.rodolfowalsh@gmail.com\" target=\"_blank\">radio.rodolfowalsh@gmail.com<\/a><br><\/td><td><img decoding=\"async\" loading=\"lazy\" width=\"31\" height=\"31\" src=\"https:\/\/iesrodolfowalsh-cha.infd.edu.ar\/sitio\/wp-content\/uploads\/2024\/05\/png-clipart-logo-facebook-black-and-white-computer-icons-facebook-photography-logo-thumbnail.png\" alt=\"\"> <a rel=\"noreferrer noopener\" href=\"https:\/\/web.facebook.com\/people\/FM-1027-Rodolfo-Walsh-Radio-socioeducativa-comunitaria\/100064859838927\/?mibextid=ZbWKwL\" target=\"_blank\">FM 102.7 Rodolfo Walsh<\/a><br><\/td><td><img decoding=\"async\" loading=\"lazy\" width=\"28\" height=\"28\" src=\"https:\/\/iesrodolfowalsh-cha.infd.edu.ar\/sitio\/wp-content\/uploads\/2024\/05\/images.png\" alt=\"\"> <a rel=\"noreferrer noopener\" href=\"https:\/\/www.instagram.com\/radiowalsh\/\" target=\"_blank\">@radiowalsh<\/a><\/td><td><img decoding=\"async\" loading=\"lazy\" width=\"49\" height=\"40\" src=\"https:\/\/iesrodolfowalsh-cha.infd.edu.ar\/sitio\/wp-content\/uploads\/2024\/05\/images-1.png\" alt=\"\"><a rel=\"noreferrer noopener\" href=\"https:\/\/www.youtube.com\/@RadioRodolfoWalshMhz\" target=\"_blank\">Radio Rodolfo Walsh 102.7<\/a><\/td><\/tr><\/tbody><\/table><\/figure>\n\n\n\n<p><br><\/p>\n\n\n\n<p><br><\/p>\n\n\n\n<p><br><\/p>\n\n\n\n<p><\/p>\n\n\n\n<p><\/p>\n\n\n\n<p><\/p>\n","protected":false},"excerpt":{"rendered":"<p>La FM 102.7 Rodolfo Walsh comenz\u00f3 sus transmisiones el 27 de agosto de 2013, en el marco del Programa Federal de Radios Socioeducativas, a partir de un convenio entre el Ministerio de Educaci\u00f3n de la Naci\u00f3n, la Autoridad Federal de Servicios de Comunicaci\u00f3n Audiovisual (AFSCA), la Comisi\u00f3n Nacional de Comunicaciones (CNC) y el Ministerio de &#8230; <a title=\"Radio Socioeducativa FM 102.7\" class=\"read-more\" href=\"https:\/\/iesrodolfowalsh-cha.infd.edu.ar\/sitio\/seminario-en-agroecologia-2\/\" aria-label=\"More on Radio Socioeducativa FM 102.7\">[+]<\/a><\/p>\n","protected":false},"author":473,"featured_media":0,"parent":0,"menu_order":0,"comment_status":"closed","ping_status":"closed","template":"","meta":[],"acf":[],"_links":{"self":[{"href":"https:\/\/iesrodolfowalsh-cha.infd.edu.ar\/sitio\/wp-json\/wp\/v2\/pages\/1869"}],"collection":[{"href":"https:\/\/iesrodolfowalsh-cha.infd.edu.ar\/sitio\/wp-json\/wp\/v2\/pages"}],"about":[{"href":"https:\/\/iesrodolfowalsh-cha.infd.edu.ar\/sitio\/wp-json\/wp\/v2\/types\/page"}],"author":[{"embeddable":true,"href":"https:\/\/iesrodolfowalsh-cha.infd.edu.ar\/sitio\/wp-json\/wp\/v2\/users\/473"}],"replies":[{"embeddable":true,"href":"https:\/\/iesrodolfowalsh-cha.infd.edu.ar\/sitio\/wp-json\/wp\/v2\/comments?post=1869"}],"version-history":[{"count":19,"href":"https:\/\/iesrodolfowalsh-cha.infd.edu.ar\/sitio\/wp-json\/wp\/v2\/pages\/1869\/revisions"}],"predecessor-version":[{"id":3840,"href":"https:\/\/iesrodolfowalsh-cha.infd.edu.ar\/sitio\/wp-json\/wp\/v2\/pages\/1869\/revisions\/3840"}],"wp:attachment":[{"href":"https:\/\/iesrodolfowalsh-cha.infd.edu.ar\/sitio\/wp-json\/wp\/v2\/media?parent=1869"}],"curies":[{"name":"wp","href":"https:\/\/api.w.org\/{rel}","templated":true}]}}