{"id":1720,"date":"2021-09-20T21:22:40","date_gmt":"2021-09-21T00:22:40","guid":{"rendered":"https:\/\/iesrodolfowalsh-cha.infd.edu.ar\/sitio\/?page_id=1720"},"modified":"2024-10-25T11:57:00","modified_gmt":"2024-10-25T14:57:00","slug":"el-instituto","status":"publish","type":"page","link":"https:\/\/iesrodolfowalsh-cha.infd.edu.ar\/sitio\/el-instituto\/","title":{"rendered":"El Instituto"},"content":{"rendered":"\n<p class=\"article .entry-content p, ul li { text-align: justify; }\">El Instituto de Educaci\u00f3n Superior (IES) fue <a rel=\"noreferrer noopener\" href=\"https:\/\/drive.google.com\/file\/d\/1shgVAzYY7ymGaq1STW7EV7DvUOP1nHaW\/view?usp=sharing\" data-type=\"URL\" data-id=\"https:\/\/drive.google.com\/file\/d\/1shgVAzYY7ymGaq1STW7EV7DvUOP1nHaW\/view?usp=sharing\" target=\"_blank\">creado el 15 de junio de 2012<\/a> para el dictado de la Tecnicatura Superior en Comunicaci\u00f3n Social con Orientaci\u00f3n Multimedial. Las clases dieron inicio en Puerto Tirol, en la Escuela de Ense\u00f1anza Primaria N\u00ba 7 \u201cGeneral Manuel Belgrano\u201d. Actualmente, nuestra sede central se encuentra en la EES N2 Iv\u00e1n Sagarduy de Resistencia (Echeverr\u00eda 784); la sede de Puerto Tirol se ubica en el Museo Municipal y Casa del Bicentenario, donde funcionan la <a rel=\"noreferrer noopener\" href=\"http:\/\/www.radiowalsh.com.ar\" data-type=\"URL\" data-id=\"http:\/\/www.radiowalsh.com.ar\" target=\"_blank\">Radio Socioeducativa FM 102.7 Rodolfo Walsh<\/a> y se dicta la Carrera de Locuci\u00f3n Integral en Radio y TV. La modalidad Contexto de Encierro se desarrolla en el Complejo Penitenciario N\u00b01 de Resistencia (Ruta Nacional 11 y Calle Ushuaia, Villa Barber\u00e1n).<\/p>\n\n\n\n<p>A partir de 2013 se dictan tambi\u00e9n las Tecnicaturas Superiores en Bromatolog\u00eda, en Tecnolog\u00eda de los Alimentos, y en 2014 dio inicio la Tecnicatura Superior en Resoluci\u00f3n Pac\u00edfica de Conflictos, en cooperaci\u00f3n con la Universidad Tecnol\u00f3gica Nacional Facultad Regional Resistencia. En total se dictan seis Tecnicaturas Superiores con diferentes modalidades de cursado (presencial, semi presencial y virtual) y contamos con \u00e1reas de investigaci\u00f3n y de formaci\u00f3n continua.<\/p>\n\n\n<div class=\"wp-block-image\">\n<figure class=\"alignleft size-full is-resized\"><img decoding=\"async\" loading=\"lazy\" src=\"https:\/\/iesrodolfowalsh-cha.infd.edu.ar\/sitio\/wp-content\/uploads\/2024\/05\/images.jpg\" alt=\"\" class=\"wp-image-3052\" width=\"338\" height=\"215\"\/><\/figure><\/div>\n\n\n<p>El IES tiene su nombre en honor al periodista, dramaturgo y escritor argentino desaparecido <a href=\"https:\/\/elhistoriador.com.ar\/rodolfo-walsh-por-felipe-pigna\/\" data-type=\"URL\" data-id=\"https:\/\/elhistoriador.com.ar\/rodolfo-walsh-por-felipe-pigna\/\" target=\"_blank\" rel=\"noreferrer noopener\">Rodolfo Walsh<\/a>. Su militancia social, su compromiso con la realidad y la memoria colectiva nos inspira a formar y preparar recursos humanos calificados, capaces de contribuir al progreso de nuestra comunidad.<\/p>\n\n\n\n<p>Walsh es reconocido por ser pionero en la escritura de novelas testimoniales como &#8216;Operaci\u00f3n Masacre&#8217; (considerada la primera novela de no-ficci\u00f3n). Entre enero y marzo de 1977, escribi\u00f3 la<a rel=\"noreferrer noopener\" href=\"https:\/\/www.cultura.gob.ar\/rodolfo-walsh-periodista-y-militante-8663\/#:~:text=Su%20obra%20literaria%20y%20period%C3%ADstica,cr%C3%ADmenes%20individuales%20a%20cr%C3%ADmenes%20sociales.\" data-type=\"URL\" data-id=\"https:\/\/www.cultura.gob.ar\/rodolfo-walsh-periodista-y-militante-8663\/#:~:text=Su%20obra%20literaria%20y%20period%C3%ADstica,cr%C3%ADmenes%20individuales%20a%20cr%C3%ADmenes%20sociales.\" target=\"_blank\"> Carta Abierta a la Junta Militar<\/a> dirigida al gobierno de facto de Jorge Rafael Videla, en la que denunci\u00f3 la censura, las pol\u00edticas econ\u00f3micas y el terrorismo de Estado. El 25 de marzo, mientras distribu\u00eda las primeras copias en buzones de la ciudad de Buenos Aires,\u200b se enfrent\u00f3 con un grupo de tareas de la Escuela de Mec\u00e1nica de la Armada (ESMA). Desde entonces forma parte de la lista de detenidos desaparecidos y es considerado uno de los m\u00e1s destacados artistas e intelectuales a nivel latinoamericano y mundial. <\/p>\n\n\n\n<p class=\"has-medium-font-size\"><strong>Misi\u00f3n y Visi\u00f3n<\/strong><\/p>\n\n\n<div class=\"wp-block-image\">\n<figure class=\"alignright size-full\"><img decoding=\"async\" loading=\"lazy\" width=\"300\" height=\"168\" src=\"https:\/\/iesrodolfowalsh-cha.infd.edu.ar\/sitio\/wp-content\/uploads\/2024\/05\/descarga.jpg\" alt=\"\" class=\"wp-image-3056\"\/><\/figure><\/div>\n\n\n<p>Nuestra tarea principal es formar y preparar recursos humanos calificados, capaces de contribuir al progreso local y regional. Buscamos ser una opci\u00f3n de educaci\u00f3n superior adecuada para adultos que buscan una formaci\u00f3n profesional corta, de salida laboral pronta; y para docentes y\/o t\u00e9cnicos profesionales vinculados a los perfiles profesionales del IES que busquen capacitaci\u00f3n continua.<\/p>\n\n\n\n<p>Sostenemos un firme compromiso con una educaci\u00f3n p\u00fablica, gratuita y de calidad. Queremos contribuir a la cultura nacional, generar y desarrollar conocimiento y ciudadanos en el marco del orden democr\u00e1tico.<\/p>\n\n\n\n<p class=\"has-medium-font-size\"><strong>Autoridades<\/strong><\/p>\n\n\n\n<p><strong>Rectora <\/strong>Alejandra Leal Chudey<\/p>\n\n\n\n<p><strong>Secretaria Administrativa<\/strong> Cecilia Maciel<\/p>\n\n\n\n<p><strong>Coordinadora Pedag\u00f3gica<\/strong> Silvina Oestmann<\/p>\n\n\n\n<p><strong>Director<\/strong> <strong>Tec. Sup. Bromatolog\u00eda y Tecnolog\u00eda de los Alimentos <\/strong>Diego Desza<\/p>\n\n\n\n<p><strong>Directora<\/strong> <strong>Tec. Sup. en Comunicaci\u00f3n Social con Orientaci\u00f3n Multimedial y Locuci\u00f3n Integral para Radio y TV<\/strong> Nora Canela<\/p>\n\n\n\n<p><strong>Directora<\/strong> <strong>Tec. Sup. en Gesti\u00f3n Sociocultural<\/strong> Mar\u00eda Lila Bina<\/p>\n\n\n\n<p><strong>Director<\/strong> <strong>Tec. Sup. en Resoluci\u00f3n Pac\u00edfica de Conflictos <\/strong>Daniel Nardelli<\/p>\n\n\n\n<p><strong>Coordinadoras<\/strong> <strong>Diplomatura en Pedagog\u00eda y Educaci\u00f3n Social <\/strong>Griselda Meza&nbsp; y Mar\u00eda Sol L\u00f3pez<\/p>\n\n\n\n<hr class=\"wp-block-separator has-alpha-channel-opacity\"\/>\n\n\n\n<p><a href=\"https:\/\/drive.google.com\/file\/d\/1WhUa9F2BlkuwwvXMJxKoWLGvyjzIOSdF\/view?usp=sharing\" data-type=\"URL\" data-id=\"https:\/\/drive.google.com\/file\/d\/1WhUa9F2BlkuwwvXMJxKoWLGvyjzIOSdF\/view?usp=sharing\" target=\"_blank\" rel=\"noreferrer noopener\">Reglamento Org\u00e1nico Institucional (ROI) y R\u00e9gimen Acad\u00e9mico Institucional (RAI)<\/a><\/p>\n\n\n\n<p><\/p>\n\n\n\n<p><\/p>\n","protected":false},"excerpt":{"rendered":"<p>El Instituto de Educaci\u00f3n Superior (IES) fue creado el 15 de junio de 2012 para el dictado de la Tecnicatura Superior en Comunicaci\u00f3n Social con Orientaci\u00f3n Multimedial. Las clases dieron inicio en Puerto Tirol, en la Escuela de Ense\u00f1anza Primaria N\u00ba 7 \u201cGeneral Manuel Belgrano\u201d. Actualmente, nuestra sede central se encuentra en la EES N2 &#8230; <a title=\"El Instituto\" class=\"read-more\" href=\"https:\/\/iesrodolfowalsh-cha.infd.edu.ar\/sitio\/el-instituto\/\" aria-label=\"More on El Instituto\">[+]<\/a><\/p>\n","protected":false},"author":17906,"featured_media":0,"parent":0,"menu_order":0,"comment_status":"closed","ping_status":"closed","template":"","meta":[],"acf":[],"_links":{"self":[{"href":"https:\/\/iesrodolfowalsh-cha.infd.edu.ar\/sitio\/wp-json\/wp\/v2\/pages\/1720"}],"collection":[{"href":"https:\/\/iesrodolfowalsh-cha.infd.edu.ar\/sitio\/wp-json\/wp\/v2\/pages"}],"about":[{"href":"https:\/\/iesrodolfowalsh-cha.infd.edu.ar\/sitio\/wp-json\/wp\/v2\/types\/page"}],"author":[{"embeddable":true,"href":"https:\/\/iesrodolfowalsh-cha.infd.edu.ar\/sitio\/wp-json\/wp\/v2\/users\/17906"}],"replies":[{"embeddable":true,"href":"https:\/\/iesrodolfowalsh-cha.infd.edu.ar\/sitio\/wp-json\/wp\/v2\/comments?post=1720"}],"version-history":[{"count":36,"href":"https:\/\/iesrodolfowalsh-cha.infd.edu.ar\/sitio\/wp-json\/wp\/v2\/pages\/1720\/revisions"}],"predecessor-version":[{"id":3838,"href":"https:\/\/iesrodolfowalsh-cha.infd.edu.ar\/sitio\/wp-json\/wp\/v2\/pages\/1720\/revisions\/3838"}],"wp:attachment":[{"href":"https:\/\/iesrodolfowalsh-cha.infd.edu.ar\/sitio\/wp-json\/wp\/v2\/media?parent=1720"}],"curies":[{"name":"wp","href":"https:\/\/api.w.org\/{rel}","templated":true}]}}