{"id":1188,"date":"2021-03-30T19:14:58","date_gmt":"2021-03-30T22:14:58","guid":{"rendered":"https:\/\/iesrodolfowalsh-cha.infd.edu.ar\/sitio\/?page_id=1188"},"modified":"2025-12-17T22:49:03","modified_gmt":"2025-12-18T01:49:03","slug":"tecnicatura-superior-en-resolucion-pacifica-de-conflictos","status":"publish","type":"page","link":"https:\/\/iesrodolfowalsh-cha.infd.edu.ar\/sitio\/tecnicatura-superior-en-resolucion-pacifica-de-conflictos\/","title":{"rendered":"Tecnicatura Superior en Resoluci\u00f3n Pac\u00edfica de Conflictos"},"content":{"rendered":"\n<p>*SIN VACANTES PARA 2026<\/p>\n\n\n\n<p><strong>\u00bfDe qu\u00e9 se trata?<\/strong><br>La Resoluci\u00f3n Pac\u00edfica de Conflictos es una profesi\u00f3n en la que se desarrollan los procesos comunicacionales, de gesti\u00f3n, resoluci\u00f3n y prevenci\u00f3n de conflictos en la sociedad, en las organizaciones, en \u00e1mbitos pol\u00edticos y sociales. Tiene entre sus objetos de estudio la comunicaci\u00f3n, la teor\u00eda del conflicto, la mediaci\u00f3n, la negociaci\u00f3n, la prospectiva, la \u00e9tica, la inteligencia en la gesti\u00f3n de conflictos, la paz, la l\u00f3gica y diferentes metodolog\u00edas de abordaje del conflicto.<\/p>\n\n\n\n<p><strong>\u00bfQu\u00e9 salida laboral tiene?<\/strong><br>El T\u00e9cnico Superior en Resoluci\u00f3n Pac\u00edfica de Conflictos estar\u00e1 capacitado para planificar y realizar estrategias de gesti\u00f3n de conflictos en la sociedad en general, y en particular dentro del \u00e1mbito de las organizaciones. Podr\u00e1 desempe\u00f1arse en instituciones (p\u00fablicas y privadas), empresas (p\u00fablicas, privadas y mixtas), asociaciones y agrupaciones.<br>Desde esta perspectiva, tambi\u00e9n se destacan como \u00e1mbitos de intervenci\u00f3n:<\/p>\n\n\n\n<ul>\n<li>investigaci\u00f3n de las realidades locales para la adecuada gesti\u00f3n de conflictos, cuyas tem\u00e1ticas y tratamiento promuevan el desarrollo humano, conocimiento de s\u00ed, comprensi\u00f3n y fortalecimiento de la comunidad y\/u organizaci\u00f3n<\/li>\n\n\n\n<li>ejercicio de pr\u00e1cticas en resoluci\u00f3n de conflictos que fomenten una sensibilidad cr\u00edtica en los integrantes de las organizaciones y el p\u00fablico con el que se relacionan<\/li>\n\n\n\n<li>conocimientos de diferentes estrategias y t\u00e1cticas en la gesti\u00f3n pac\u00edfica de conflictos<\/li>\n\n\n\n<li>asesoramiento para la planificaci\u00f3n y gesti\u00f3n activa de pol\u00edticas, proyectos y acciones para una correcta gesti\u00f3n de la comunicaci\u00f3n dentro de las organizaciones<\/li>\n\n\n\n<li>difusi\u00f3n y socializaci\u00f3n de sus aprendizajes y producciones.<\/li>\n<\/ul>\n\n\n\n<p><strong>Modalidades de cursado<\/strong><br><em>Presencial: <\/em>asistencia con posibilidad de promoci\u00f3n de los espacios curriculares que as\u00ed lo permitan.<br><em>Semipresencial:<\/em> asistencia s\u00f3lo a las instancias de evaluaci\u00f3n, con acompa\u00f1amiento en el Campus Virtual.<br><em>Libre: <\/em>asistencia s\u00f3lo a las mesas de examen oral y escrito con temario (programa) completo ante tribunal evaluador.<\/p>\n\n\n\n<hr class=\"wp-block-separator has-alpha-channel-opacity\"\/>\n\n\n\n<p><strong>Plan de Estudios<\/strong><\/p>\n\n\n\n<figure class=\"wp-block-table\"><table><tbody><tr><td>PRIMER A\u00d1O<br>1.Tensi\u00f3n y Teor\u00eda del Conflicto<br>2.Comunicaci\u00f3n I<br>3.L\u00f3gica<br>4.Dise\u00f1o y Armado de Objetivos<br>5.Pensamiento Complejo<br>6.Tipos de Sociedades<br>7.Lenguaje del Cambio<br>8.Construcci\u00f3n de Redes<\/td><td>SEGUNDO A\u00d1O<br>9.Inteligencia<br>10.Pr\u00e1ctica Profesionalizante I<br>11.Negociaci\u00f3n<br>12.Estrategia y T\u00e1ctica<br>13.Fen\u00f3menos de Paz y No Violencia<br>14.Poder y Empoderamiento<br>15.Mediaci\u00f3n<br>16.Teor\u00eda de la Motivaci\u00f3n<br>17.\u00c9tica del Operador del Conflicto<\/td><td>TERCER A\u00d1O<br>18.Prospectiva<br>19.Pr\u00e1ctica Profesionalizante II<br>20.Metodolog\u00eda de la Investigaci\u00f3n<br>21.Modelos Antropol\u00f3gicos y <br>Filos\u00f3ficos de la Construcci\u00f3n de la Paz<br>22.Movimientos Pacifistas<br>23.Paz y Desarrollo<br>24.Legislaci\u00f3n<\/td><\/tr><\/tbody><\/table><figcaption class=\"wp-element-caption\"><a href=\"https:\/\/drive.google.com\/file\/d\/1Iy_9uwQZKaS8duoJ3yoOxrOLVDbxwpRD\/view?usp=sharing\" data-type=\"URL\" data-id=\"https:\/\/drive.google.com\/file\/d\/1Iy_9uwQZKaS8duoJ3yoOxrOLVDbxwpRD\/view?usp=sharing\" target=\"_blank\" rel=\"noreferrer noopener\">Resoluci\u00f3n Oficial<\/a><\/figcaption><\/figure>\n","protected":false},"excerpt":{"rendered":"<p>*SIN VACANTES PARA 2026 \u00bfDe qu\u00e9 se trata?La Resoluci\u00f3n Pac\u00edfica de Conflictos es una profesi\u00f3n en la que se desarrollan los procesos comunicacionales, de gesti\u00f3n, resoluci\u00f3n y prevenci\u00f3n de conflictos en la sociedad, en las organizaciones, en \u00e1mbitos pol\u00edticos y sociales. Tiene entre sus objetos de estudio la comunicaci\u00f3n, la teor\u00eda del conflicto, la mediaci\u00f3n, &#8230; <a title=\"Tecnicatura Superior en Resoluci\u00f3n Pac\u00edfica de Conflictos\" class=\"read-more\" href=\"https:\/\/iesrodolfowalsh-cha.infd.edu.ar\/sitio\/tecnicatura-superior-en-resolucion-pacifica-de-conflictos\/\" aria-label=\"More on Tecnicatura Superior en Resoluci\u00f3n Pac\u00edfica de Conflictos\">[+]<\/a><\/p>\n","protected":false},"author":7178,"featured_media":0,"parent":0,"menu_order":0,"comment_status":"closed","ping_status":"closed","template":"","meta":[],"acf":[],"_links":{"self":[{"href":"https:\/\/iesrodolfowalsh-cha.infd.edu.ar\/sitio\/wp-json\/wp\/v2\/pages\/1188"}],"collection":[{"href":"https:\/\/iesrodolfowalsh-cha.infd.edu.ar\/sitio\/wp-json\/wp\/v2\/pages"}],"about":[{"href":"https:\/\/iesrodolfowalsh-cha.infd.edu.ar\/sitio\/wp-json\/wp\/v2\/types\/page"}],"author":[{"embeddable":true,"href":"https:\/\/iesrodolfowalsh-cha.infd.edu.ar\/sitio\/wp-json\/wp\/v2\/users\/7178"}],"replies":[{"embeddable":true,"href":"https:\/\/iesrodolfowalsh-cha.infd.edu.ar\/sitio\/wp-json\/wp\/v2\/comments?post=1188"}],"version-history":[{"count":6,"href":"https:\/\/iesrodolfowalsh-cha.infd.edu.ar\/sitio\/wp-json\/wp\/v2\/pages\/1188\/revisions"}],"predecessor-version":[{"id":4210,"href":"https:\/\/iesrodolfowalsh-cha.infd.edu.ar\/sitio\/wp-json\/wp\/v2\/pages\/1188\/revisions\/4210"}],"wp:attachment":[{"href":"https:\/\/iesrodolfowalsh-cha.infd.edu.ar\/sitio\/wp-json\/wp\/v2\/media?parent=1188"}],"curies":[{"name":"wp","href":"https:\/\/api.w.org\/{rel}","templated":true}]}}