{"id":1184,"date":"2021-03-30T19:14:31","date_gmt":"2021-03-30T22:14:31","guid":{"rendered":"https:\/\/iesrodolfowalsh-cha.infd.edu.ar\/sitio\/?page_id=1184"},"modified":"2025-10-30T07:15:37","modified_gmt":"2025-10-30T10:15:37","slug":"tecnicatura-superior-en-gestion-sociocultural","status":"publish","type":"page","link":"https:\/\/iesrodolfowalsh-cha.infd.edu.ar\/sitio\/tecnicatura-superior-en-gestion-sociocultural\/","title":{"rendered":"Tecnicatura Superior en Gesti\u00f3n Sociocultural"},"content":{"rendered":"\n<p><strong>\u00bfDe qu\u00e9 se trata?<\/strong><br>La Gesti\u00f3n Sociocultural tiene como principal motivaci\u00f3n el desarrollo de herramientas de transformaci\u00f3n. Su modo de expresi\u00f3n o producci\u00f3n puede ser el arte, el turismo, el patrimonio, las experiencias comunitarias, las industrias culturales, etc. Aborda las distintas dimensiones de las manifestaciones culturales en la vida social.<\/p>\n\n\n\n<p><strong>\u00bfQu\u00e9 salida laboral tiene?<\/strong><br>El T\u00e9cnico Superior en Gesti\u00f3n Sociocultural ser\u00e1 capaz de analizar y evaluar la producci\u00f3n cultural para dise\u00f1ar, planificar, gestionar y ejecutar proyectos, productos y servicios sustentables que promuevan la difusi\u00f3n de los valores locales y regionales con especial atenci\u00f3n al patrimonio local (cultural, social, idiom\u00e1tico y natural) y el desarrollo del turismo cultural, promoviendo pol\u00edticas p\u00fablicas y proyectos que respeten la diversidad y promuevan el desarrollo local en el marco de una cultura cada vez m\u00e1s globalizada.<\/p>\n\n\n\n<p>Podr\u00e1 desempe\u00f1arse en \u00e1mbitos vinculados a:<\/p>\n\n\n\n<ul>\n<li>gesti\u00f3n de pol\u00edticas culturales en el \u00e1mbito local, regional y del Mercosur (t\u00e9cnicos de administraciones, en planificaci\u00f3n de estudios, en indicadores culturales, para la aplicaci\u00f3n de pol\u00edticas culturales, etc.)<\/li>\n\n\n\n<li>sectores e industrias culturales (gestores de espacios esc\u00e9nicos, de salas de exposiciones y de espacos culturales polivalentes, empresas editoriales, audiovisuales y teatrales)<\/li>\n\n\n\n<li>interpretaci\u00f3n y difusi\u00f3n del patrimonio, cultura popular y tradicional (t\u00e9cnicos de difusi\u00f3n del patrimonio, educadores de museos, profesionales en la evaluaci\u00f3n de exposiciones y estudios de p\u00fablico, dise\u00f1adores de proyecos museogr\u00e1ficos, etc.)<\/li>\n\n\n\n<li>turismo cultural (dise\u00f1o de productos tur\u00edsticos y culturales como itinerarios de tipo literario, natural, hist\u00f3rico, arqueol\u00f3gico, art\u00edstica y etnogr\u00e1fico; especialistas en la promoci\u00f3n local y el desarrollo territorial)<\/li>\n\n\n\n<li>TICs aplicadas a la cultura (gestores de redes culturales y sociales, gestores de webs culturales, productores de contenido digital, promotores culturales, etc.)<\/li>\n<\/ul>\n\n\n\n<p><strong>Modalidad de cursado<\/strong><br>&#x25aa;&#xfe0f;Bimodal: Comprende clases presenciales y actividades de aprendizaje en situaciones de no presenciales, mediados por el Campus Virtual.<br>&#x25aa;&#xfe0f;Semipresencial: implica realizar el recorrido de la unidad curricular a trav\u00e9s del Campus virtual, sin los requisitos de asistencia\u00a0presenciales.<\/p>\n\n\n\n<hr class=\"wp-block-separator has-alpha-channel-opacity\"\/>\n\n\n\n<p><strong>Plan de Estudios<\/strong><\/p>\n\n\n\n<figure class=\"wp-block-table alignleft\"><table><tbody><tr><td>PRIMER A\u00d1O<br>1.Historia de la Cultura Occidental<br>2.Antropolog\u00eda y Sociolog\u00eda de la Cultura<br>3.Introducci\u00f3n a los Estudios Culturales<br>4.La Organizaci\u00f3n de los Poderes P\u00fablicos y la Administraci\u00f3n de la Cultura<br>5.La Cultura como Recurso y la Globalizaci\u00f3n<br>6.Lenguajes Art\u00edsticos I: Artes Visuales y Perform\u00e1ticas<br>7.Gesti\u00f3n Sociocultural I<br>8.Las Industrias Culturales<br>9.Pr\u00e1cticas I: Metodolog\u00eda de la Investigaci\u00f3n Social en el Campo de la Gesti\u00f3n Sociocultural<br>10.Ingl\u00e9s<\/td><td>SEGUNDO A\u00d1O<br>11.Historia Hispanoamericana y Argentina<br>12.Introducci\u00f3n a la Teor\u00eda de la Organizaci\u00f3n y la Cultura<br>13.Patrimonio y Cultura Popular<br>14.Ingl\u00e9s II<br>15.Gesti\u00f3n Sociocultural II<br>16.Comunicaci\u00f3n: Lenguajes y Soportes Audiovisuales<br>17.Gesti\u00f3n de Espect\u00e1culos y Eventos Culturales<br>18.Econom\u00eda y Principios Econ\u00f3micos y Financieros del Sector Sociocultural<br>19.Pr\u00e1cticas II: Gestionar un Proyecto Cultural<br>20.Lenguas Originarias I<br><\/td><td>TERCER A\u00d1O<br>21.Historia Regional<br>22.M\u00e1rketing Cultural<br>23.Pol\u00edticas Culturales y Legislaci\u00f3n<br>24.An\u00e1lisis de las Organizaciones y Tecnolog\u00edas Sociales<br>25.Turismo Cultural y Desarrollo Local&nbsp;<br>26.Organizaciones Socioculturales<br>27.Lenguajes Art\u00edsticos II: Teatro y Narraci\u00f3n Oral<br>28.Lenguajes Art\u00edsticos III: M\u00fasica y Danza<br>29.Pr\u00e1cticas III<br>30.Lenguas Originarias III<\/td><\/tr><\/tbody><\/table><figcaption class=\"wp-element-caption\"><a href=\"https:\/\/drive.google.com\/file\/d\/1yej43DsML0pvPu_9zzfBWqUGrT_RvlGx\/view?usp=sharing\" data-type=\"URL\" data-id=\"https:\/\/drive.google.com\/file\/d\/1yej43DsML0pvPu_9zzfBWqUGrT_RvlGx\/view?usp=sharing\" target=\"_blank\" rel=\"noreferrer noopener\">Resoluci\u00f3n Oficial<\/a><\/figcaption><\/figure>\n","protected":false},"excerpt":{"rendered":"<p>\u00bfDe qu\u00e9 se trata?La Gesti\u00f3n Sociocultural tiene como principal motivaci\u00f3n el desarrollo de herramientas de transformaci\u00f3n. Su modo de expresi\u00f3n o producci\u00f3n puede ser el arte, el turismo, el patrimonio, las experiencias comunitarias, las industrias culturales, etc. Aborda las distintas dimensiones de las manifestaciones culturales en la vida social. \u00bfQu\u00e9 salida laboral tiene?El T\u00e9cnico Superior &#8230; <a title=\"Tecnicatura Superior en Gesti\u00f3n Sociocultural\" class=\"read-more\" href=\"https:\/\/iesrodolfowalsh-cha.infd.edu.ar\/sitio\/tecnicatura-superior-en-gestion-sociocultural\/\" aria-label=\"More on Tecnicatura Superior en Gesti\u00f3n Sociocultural\">[+]<\/a><\/p>\n","protected":false},"author":7178,"featured_media":0,"parent":0,"menu_order":0,"comment_status":"closed","ping_status":"closed","template":"","meta":[],"acf":[],"_links":{"self":[{"href":"https:\/\/iesrodolfowalsh-cha.infd.edu.ar\/sitio\/wp-json\/wp\/v2\/pages\/1184"}],"collection":[{"href":"https:\/\/iesrodolfowalsh-cha.infd.edu.ar\/sitio\/wp-json\/wp\/v2\/pages"}],"about":[{"href":"https:\/\/iesrodolfowalsh-cha.infd.edu.ar\/sitio\/wp-json\/wp\/v2\/types\/page"}],"author":[{"embeddable":true,"href":"https:\/\/iesrodolfowalsh-cha.infd.edu.ar\/sitio\/wp-json\/wp\/v2\/users\/7178"}],"replies":[{"embeddable":true,"href":"https:\/\/iesrodolfowalsh-cha.infd.edu.ar\/sitio\/wp-json\/wp\/v2\/comments?post=1184"}],"version-history":[{"count":12,"href":"https:\/\/iesrodolfowalsh-cha.infd.edu.ar\/sitio\/wp-json\/wp\/v2\/pages\/1184\/revisions"}],"predecessor-version":[{"id":4121,"href":"https:\/\/iesrodolfowalsh-cha.infd.edu.ar\/sitio\/wp-json\/wp\/v2\/pages\/1184\/revisions\/4121"}],"wp:attachment":[{"href":"https:\/\/iesrodolfowalsh-cha.infd.edu.ar\/sitio\/wp-json\/wp\/v2\/media?parent=1184"}],"curies":[{"name":"wp","href":"https:\/\/api.w.org\/{rel}","templated":true}]}}