{"id":1176,"date":"2021-03-30T19:11:05","date_gmt":"2021-03-30T22:11:05","guid":{"rendered":"https:\/\/iesrodolfowalsh-cha.infd.edu.ar\/sitio\/?page_id=1176"},"modified":"2024-05-20T20:51:32","modified_gmt":"2024-05-20T23:51:32","slug":"tecnicatura-superior-tecnologia-de-los-alimentos","status":"publish","type":"page","link":"https:\/\/iesrodolfowalsh-cha.infd.edu.ar\/sitio\/tecnicatura-superior-tecnologia-de-los-alimentos\/","title":{"rendered":"Tecnicatura Superior en Tecnolog\u00eda de los Alimentos"},"content":{"rendered":"\n<p><strong>\u00bfDe qu\u00e9 se trata?<\/strong><br>La Tecnolog\u00eda de los Alimentos es la ciencia que se encarga del estudio, la investigaci\u00f3n, la aplicaci\u00f3n de t\u00e9cnicas y asistencia al procesamiento, envasado, presentaci\u00f3n, empaque, distribuci\u00f3n, explotaci\u00f3n econ\u00f3mica y comercializaci\u00f3n de los alimentos en todas sus etapas.<\/p>\n\n\n\n<p><strong>\u00bfQu\u00e9 salida laboral tiene?<\/strong><br>El T\u00e9cnico Superior en Tecnolog\u00eda de los Alimentos podr\u00e1 desempe\u00f1arse en empresas de distinto tama\u00f1o, industriales, contratistas o de servicios en el \u00e1rea de las industrias de los alimentos, oficinas t\u00e9cnicas, empresas de higiene y seguridad alimenticia, micro emprendimientos y\/o de servicios, organismos gubernamentales y no gubernamentales, instituciones de investigaci\u00f3n y desarrollo p\u00fablicas o privadas, laboratorios de an\u00e1lisis especializados, instituciones p\u00fablicas en el \u00e1rea de control bromatol\u00f3gico de alimentos y emprendimientos generados por el t\u00e9cnico o integrando peque\u00f1os equipos de profesionales. Su formaci\u00f3n le permitir\u00e1 una gran movilidad interna (distintos sectores) y externa (distintos tipos de empresas) en el mercado de trabajo y lo preparar\u00e1 para trabajar interdisciplinariamente y en equipo continuando su formaci\u00f3n a lo largo de toda su vida profesional.<\/p>\n\n\n\n<p><strong>Modalidades de cursado<\/strong><br><em>Presencial:<\/em> asistencia con posibilidad de promoci\u00f3n de los espacios curriculares que as\u00ed lo permitan.<br><em>Semipresencial:<\/em> asistencia s\u00f3lo a las instancias de evaluaci\u00f3n, con acompa\u00f1amiento en el Campus Virtual.<br><em>Libre: <\/em>asistencia s\u00f3lo a las mesas de examen oral y escrito con temario (programa) completo ante tribunal evaluador.<\/p>\n\n\n\n<hr class=\"wp-block-separator has-alpha-channel-opacity\"\/>\n\n\n\n<p><strong>Plan de Estudios<\/strong><\/p>\n\n\n\n<figure class=\"wp-block-table alignleft is-style-regular\"><table><tbody><tr><td>PRIMER A\u00d1O<br>1.Ingl\u00e9s T\u00e9cnico<br>2.Matem\u00e1tica y Estad\u00edstica Aplicada<br>3.F\u00edsica Aplicada<br>4.Qu\u00edmica General e Inorg\u00e1nica<br>5.T\u00e9cnicas de Comunicaci\u00f3n<br>6.Inform\u00e1tica Aplicada<br>7.Tecnolog\u00eda de los Alimentos I<br>8.Pr\u00e1cticas Profesionalizantes I<\/td><td>SEGUNDO A\u00d1O<br>9.Qu\u00edmica Org\u00e1nica y Biol\u00f3gica<br>10.Microbiolog\u00eda y Nutrici\u00f3n Alimentaria<br>11.F\u00edsico-Qu\u00edmica<br>12.Operaciones Unitarias<br>13.Econom\u00eda y Organizaci\u00f3n Industrial<br>14.Tecnolog\u00eda de los Alimentos II<br>15.Bromatolog\u00eda y Toxicolog\u00eda de los Alimentos<br>16.Microemprendimientos y Cooperativismo <br>con Orientaci\u00f3n a los Productos Artesanales y Regionales<br>17.Pr\u00e1cticas Profesionalizantes II<\/td><td>TERCER A\u00d1O<br>18.Sistemas de Control<br>19.Qu\u00edmica y Bioqu\u00edmica de los Alimentos<br>20.Gesti\u00f3n de Calidad e Inocuidad de los Productos Alimentarios<br>21.Biotecnolog\u00eda<br>22.Legislaci\u00f3n Alimentaria<br>23.Organizaci\u00f3n, Gesti\u00f3n y Formulaci\u00f3n <br>de Proyectos de Empresas<br>24.Tecnolog\u00eda de los Alimentos III<br>25.Pr\u00e1cticas Profesionalizantes III<br><\/td><\/tr><\/tbody><\/table><figcaption class=\"wp-element-caption\"><a href=\"https:\/\/drive.google.com\/file\/d\/1koP8VrF3sktP1NvWTBSOvb7LdnCSA87K\/view?usp=sharing\" data-type=\"URL\" data-id=\"https:\/\/drive.google.com\/file\/d\/1koP8VrF3sktP1NvWTBSOvb7LdnCSA87K\/view?usp=sharing\" target=\"_blank\" rel=\"noreferrer noopener\">Resoluci\u00f3n Oficial<\/a><\/figcaption><\/figure>\n","protected":false},"excerpt":{"rendered":"<p>\u00bfDe qu\u00e9 se trata?La Tecnolog\u00eda de los Alimentos es la ciencia que se encarga del estudio, la investigaci\u00f3n, la aplicaci\u00f3n de t\u00e9cnicas y asistencia al procesamiento, envasado, presentaci\u00f3n, empaque, distribuci\u00f3n, explotaci\u00f3n econ\u00f3mica y comercializaci\u00f3n de los alimentos en todas sus etapas. \u00bfQu\u00e9 salida laboral tiene?El T\u00e9cnico Superior en Tecnolog\u00eda de los Alimentos podr\u00e1 desempe\u00f1arse en &#8230; <a title=\"Tecnicatura Superior en Tecnolog\u00eda de los Alimentos\" class=\"read-more\" href=\"https:\/\/iesrodolfowalsh-cha.infd.edu.ar\/sitio\/tecnicatura-superior-tecnologia-de-los-alimentos\/\" aria-label=\"More on Tecnicatura Superior en Tecnolog\u00eda de los Alimentos\">[+]<\/a><\/p>\n","protected":false},"author":7178,"featured_media":0,"parent":0,"menu_order":0,"comment_status":"closed","ping_status":"closed","template":"","meta":[],"acf":[],"_links":{"self":[{"href":"https:\/\/iesrodolfowalsh-cha.infd.edu.ar\/sitio\/wp-json\/wp\/v2\/pages\/1176"}],"collection":[{"href":"https:\/\/iesrodolfowalsh-cha.infd.edu.ar\/sitio\/wp-json\/wp\/v2\/pages"}],"about":[{"href":"https:\/\/iesrodolfowalsh-cha.infd.edu.ar\/sitio\/wp-json\/wp\/v2\/types\/page"}],"author":[{"embeddable":true,"href":"https:\/\/iesrodolfowalsh-cha.infd.edu.ar\/sitio\/wp-json\/wp\/v2\/users\/7178"}],"replies":[{"embeddable":true,"href":"https:\/\/iesrodolfowalsh-cha.infd.edu.ar\/sitio\/wp-json\/wp\/v2\/comments?post=1176"}],"version-history":[{"count":8,"href":"https:\/\/iesrodolfowalsh-cha.infd.edu.ar\/sitio\/wp-json\/wp\/v2\/pages\/1176\/revisions"}],"predecessor-version":[{"id":3387,"href":"https:\/\/iesrodolfowalsh-cha.infd.edu.ar\/sitio\/wp-json\/wp\/v2\/pages\/1176\/revisions\/3387"}],"wp:attachment":[{"href":"https:\/\/iesrodolfowalsh-cha.infd.edu.ar\/sitio\/wp-json\/wp\/v2\/media?parent=1176"}],"curies":[{"name":"wp","href":"https:\/\/api.w.org\/{rel}","templated":true}]}}