{"id":1172,"date":"2021-03-30T19:09:38","date_gmt":"2021-03-30T22:09:38","guid":{"rendered":"https:\/\/iesrodolfowalsh-cha.infd.edu.ar\/sitio\/?page_id=1172"},"modified":"2024-05-13T22:18:10","modified_gmt":"2024-05-14T01:18:10","slug":"tecnicatura-superior-en-comunicacion-social-con-orientacion-multimedial","status":"publish","type":"page","link":"https:\/\/iesrodolfowalsh-cha.infd.edu.ar\/sitio\/tecnicatura-superior-en-comunicacion-social-con-orientacion-multimedial\/","title":{"rendered":"Tecnicatura Superior en Comunicaci\u00f3n Social con Orientaci\u00f3n Multimedial"},"content":{"rendered":"\n<p><strong>\u00bfDe qu\u00e9 se trata?<\/strong><br>La Comunicaci\u00f3n Social es una profesi\u00f3n que desarrolla todo lo vinculado a los procesos comunicativos en una sociedad, de las organizaciones, de los medios y de las comunidades. Tiene entre sus objetos de estudio a los medios de comunicaci\u00f3n masivos, las formas de expresi\u00f3n y la construcci\u00f3n de la informaci\u00f3n.<\/p>\n\n\n\n<p><strong>\u00bfQu\u00e9 salida laboral tiene?<\/strong><br>El T\u00e9cnico Superior en Comunicaci\u00f3n Social con Orientaci\u00f3n Multimedial estar\u00e1 capacitado para planificar y realizar estrategias de comunicaci\u00f3n que ayuden a fortalecer el desarrollo, conocimiento, compresi\u00f3n y difusi\u00f3n de informaci\u00f3n, ideas, actividades, formaci\u00f3n de redes sociales y valoraci\u00f3n de s\u00ed y de la comunidad, asumiendo una posici\u00f3n reflexiva sobre el lugar social que \u00e9l y sus producciones ocupan.<\/p>\n\n\n\n<p>Podr\u00e1 desempe\u00f1arse en:<\/p>\n\n\n\n<ul>\n<li>medios de comunicaci\u00f3n p\u00fablicos y privados (gr\u00e1ficos, radiales, audiovisuales, internet, etc.)<\/li>\n\n\n\n<li>instituciones, empresas, agrupaciones y ONGs<\/li>\n\n\n\n<li>productoras de contenido (radio, video, m\u00fasica, teatro y artes perform\u00e1ticas)<\/li>\n\n\n\n<li>productoras de espect\u00e1culos y eventos culturales<\/li>\n\n\n\n<li>instituciones dedicadas a la conservaci\u00f3n y exposici\u00f3n del patrimonio<\/li>\n\n\n\n<li>empresas de turismo cultural y receptivo<\/li>\n\n\n\n<li>promoci\u00f3n y producci\u00f3n de artistas<\/li>\n<\/ul>\n\n\n\n<p>Algunos de sus \u00e1mbitos de intervenci\u00f3n:<\/p>\n\n\n\n<ul>\n<li>investigaci\u00f3n de las realidades locales para la producci\u00f3n de piezas comunicacionales aptas para cualquier medio de comunicaci\u00f3n tradicional o nuevos formatos cuyas tem\u00e1ticas y\/o tratamiento promuevan el desarrollo humano, conocimiento de s\u00ed, comprensi\u00f3n y fortalecimiento de una comunidad<\/li>\n\n\n\n<li>ejercicio de pr\u00e1cticas comunicativas que fomenten una sensibilidad cr\u00edtica en los comunicadores y el p\u00fablico<\/li>\n\n\n\n<li>conocimiento de t\u00e1cticas de gesti\u00f3nn, obtenci\u00f3n, producci\u00f3n y administraci\u00f3n de fondos y de circuitos de difusi\u00f3n que faciliten la circulaci\u00f3n de nuevos mensajes en la comunidad, independientemente de los medios o empresas period\u00edsticas<\/li>\n\n\n\n<li>asesoramiento para la planificaci\u00f3n y gesti\u00f3n activa de pol\u00edticas, proyectos y acciones comunicativas<\/li>\n\n\n\n<li>difusi\u00f3n y socializaci\u00f3n de sus aprendizajes y de producciones.<\/li>\n<\/ul>\n\n\n\n<p><strong>Modalidades de cursado<br><\/strong><em>Presencial:<\/em> asistencia con posibilidad de promoci\u00f3n de los espacios curriculares que as\u00ed lo permitan.<br><em>Semipresencial:<\/em> asistencia s\u00f3lo a las instancias de evaluaci\u00f3n, con acompa\u00f1amiento en el Campus Virtual.<br><em>Libre: <\/em>asistencia s\u00f3lo a las mesas de examen oral y escrito con temario (programa) completo ante tribunal evaluador.<\/p>\n\n\n\n<hr class=\"wp-block-separator has-alpha-channel-opacity\"\/>\n\n\n\n<p><strong>Plan de Estudios<\/strong><\/p>\n\n\n\n<figure class=\"wp-block-table\"><table><tbody><tr><td>PRIMER A\u00d1O<br>1.Sociolog\u00eda Pol\u00edtica<br>2.Ingl\u00e9s I<br>3.Estudios de la Representaci\u00f3n<br>4.Nuevas Narrativas<br>5.Comunicaci\u00f3n Social<br>6.Comunicaci\u00f3n y Desarrollo<br>7.Taller de Radio<br>8.Taller de Periodismo Gr\u00e1fico y Digital<\/td><td>SEGUNDO A\u00d1O<br>9.Problemas Socioculturales Contempor\u00e1neos<br>10.Portugu\u00e9s I<br>11.Ingl\u00e9s II<br>12.Medios, Lenguajes y Recepciones<br>13.An\u00e1lisis y Producci\u00f3n del Discurso<br>14.Taller de Fotograf\u00eda e Iluminaci\u00f3n<br>15.Taller de Televisi\u00f3n y Cine<br>16.Pr\u00e1cticas Profesionalizantes I<\/td><td>TERCER A\u00d1O<br>17.Procesos Pol\u00edtico-econ\u00f3micos y el Mundo del Trabajo Actual<br>18.Portugu\u00e9s II<br>19.Lenguas Originarias<br>20.Medios y Ciudadan\u00eda<br>21.Gesti\u00f3n, Producci\u00f3n y Administraci\u00f3n<br>22.Pr\u00e1cticas Profesionalizantes II<\/td><\/tr><\/tbody><\/table><figcaption class=\"wp-element-caption\"><a href=\"https:\/\/drive.google.com\/file\/d\/1i49S74-PSODrD1Zlpn9Zwt6Zbn7vFJ6s\/view?usp=sharing\" data-type=\"URL\" data-id=\"https:\/\/drive.google.com\/file\/d\/1i49S74-PSODrD1Zlpn9Zwt6Zbn7vFJ6s\/view?usp=sharing\" target=\"_blank\" rel=\"noreferrer noopener\">Resoluci\u00f3n Oficial<\/a><\/figcaption><\/figure>\n","protected":false},"excerpt":{"rendered":"<p>\u00bfDe qu\u00e9 se trata?La Comunicaci\u00f3n Social es una profesi\u00f3n que desarrolla todo lo vinculado a los procesos comunicativos en una sociedad, de las organizaciones, de los medios y de las comunidades. Tiene entre sus objetos de estudio a los medios de comunicaci\u00f3n masivos, las formas de expresi\u00f3n y la construcci\u00f3n de la informaci\u00f3n. \u00bfQu\u00e9 salida &#8230; <a title=\"Tecnicatura Superior en Comunicaci\u00f3n Social con Orientaci\u00f3n Multimedial\" class=\"read-more\" href=\"https:\/\/iesrodolfowalsh-cha.infd.edu.ar\/sitio\/tecnicatura-superior-en-comunicacion-social-con-orientacion-multimedial\/\" aria-label=\"More on Tecnicatura Superior en Comunicaci\u00f3n Social con Orientaci\u00f3n Multimedial\">[+]<\/a><\/p>\n","protected":false},"author":7178,"featured_media":0,"parent":0,"menu_order":0,"comment_status":"closed","ping_status":"closed","template":"","meta":[],"acf":[],"_links":{"self":[{"href":"https:\/\/iesrodolfowalsh-cha.infd.edu.ar\/sitio\/wp-json\/wp\/v2\/pages\/1172"}],"collection":[{"href":"https:\/\/iesrodolfowalsh-cha.infd.edu.ar\/sitio\/wp-json\/wp\/v2\/pages"}],"about":[{"href":"https:\/\/iesrodolfowalsh-cha.infd.edu.ar\/sitio\/wp-json\/wp\/v2\/types\/page"}],"author":[{"embeddable":true,"href":"https:\/\/iesrodolfowalsh-cha.infd.edu.ar\/sitio\/wp-json\/wp\/v2\/users\/7178"}],"replies":[{"embeddable":true,"href":"https:\/\/iesrodolfowalsh-cha.infd.edu.ar\/sitio\/wp-json\/wp\/v2\/comments?post=1172"}],"version-history":[{"count":6,"href":"https:\/\/iesrodolfowalsh-cha.infd.edu.ar\/sitio\/wp-json\/wp\/v2\/pages\/1172\/revisions"}],"predecessor-version":[{"id":3207,"href":"https:\/\/iesrodolfowalsh-cha.infd.edu.ar\/sitio\/wp-json\/wp\/v2\/pages\/1172\/revisions\/3207"}],"wp:attachment":[{"href":"https:\/\/iesrodolfowalsh-cha.infd.edu.ar\/sitio\/wp-json\/wp\/v2\/media?parent=1172"}],"curies":[{"name":"wp","href":"https:\/\/api.w.org\/{rel}","templated":true}]}}